{"id":1056,"date":"2026-03-19T06:46:41","date_gmt":"2026-03-19T05:46:41","guid":{"rendered":"https:\/\/escuelasquesaben.org\/manifiesto\/"},"modified":"2026-04-10T15:02:10","modified_gmt":"2026-04-10T14:02:10","slug":"manifiesto","status":"publish","type":"page","link":"https:\/\/escuelasquesaben.org\/gl\/manifiesto\/","title":{"rendered":"MANIFESTO"},"content":{"rendered":"\t\t<div data-elementor-type=\"wp-page\" data-elementor-id=\"1056\" class=\"elementor elementor-1056 elementor-670\">\n\t\t\t\t<div class=\"elementor-element elementor-element-201df5d e-flex e-con-boxed e-con e-parent\" data-id=\"201df5d\" data-element_type=\"container\">\n\t\t\t\t\t<div class=\"e-con-inner\">\n\t\t\t\t<div class=\"elementor-element elementor-element-84b8a0b elementor-widget elementor-widget-html\" data-id=\"84b8a0b\" data-element_type=\"widget\" data-widget_type=\"html.default\">\n\t\t\t\t\t<h1 class=\"hero-title\">\n  <span class=\"line outline\">ESCOLAS QUE SABEN<\/span>\n<\/h1>\t\t\t\t<\/div>\n\t\t\t\t\t<\/div>\n\t\t\t\t<\/div>\n\t\t<div class=\"elementor-element elementor-element-bf1a250 slider-wrapper e-flex e-con-boxed e-con e-parent\" data-id=\"bf1a250\" data-element_type=\"container\">\n\t\t\t\t\t<div class=\"e-con-inner\">\n\t\t\t\t<div class=\"elementor-element elementor-element-c1033e8 elementor-widget elementor-widget-html\" data-id=\"c1033e8\" data-element_type=\"widget\" data-widget_type=\"html.default\">\n\t\t\t\t\t<a href=\"\/\" class=\"goback\">\n<svg xmlns=\"http:\/\/www.w3.org\/2000\/svg\" width=\"160\" height=\"95\" viewbox=\"0 0 160 95\" fill=\"none\">\n<line x1=\"159.328\" y1=\"47.6147\" x2=\"1.41461\" y2=\"47.6146\" stroke=\"black\" stroke-width=\"2\"><\/line>\n<path d=\"M47.4617 0.702757L1.41406 47.3177L48.029 93.3653\" stroke=\"black\" stroke-width=\"2\"><\/path>\n<\/svg>\n<\/a>\t\t\t\t<\/div>\n\t\t<div class=\"elementor-element elementor-element-c08e4ea e-con-full e-flex e-con e-child\" data-id=\"c08e4ea\" data-element_type=\"container\">\n\t\t\t\t<div class=\"elementor-element elementor-element-f570615 elementor-widget elementor-widget-heading\" data-id=\"f570615\" data-element_type=\"widget\" data-widget_type=\"heading.default\">\n\t\t\t\t\t<h2 class=\"elementor-heading-title elementor-size-default\">MANIFESTO<\/h2>\t\t\t\t<\/div>\n\t\t\t\t<div class=\"elementor-element elementor-element-3071400 elementor-widget elementor-widget-text-editor\" data-id=\"3071400\" data-element_type=\"widget\" data-widget_type=\"text-editor.default\">\n\t\t\t\t\t\t\t\t\t<p>Cada d\u00eda, mill\u00f3ns de nenas e nenos comen en comedores escolares. E cada d\u00eda, cos nosos impostos, m\u00e9rcase comida que deu a volta ao mundo antes de chegar \u00e1 mesa. Non \u00e9 s\u00f3 unha cuesti\u00f3n de quil\u00f3metros: \u00e9 o impacto na sa\u00fade, na econom\u00eda, no territorio, no clima.   <strong>O resultado? Di\u00f1eiro p\u00fablico que alimenta \u00e1s grandes distribuidoras, mentres o campo de aqu\u00ed nin sequera pode competir. <\/strong> Isto non pasa porque si. Pasa porque os requisitos que pon a administraci\u00f3n para elixir a quen mercar favorecen a quen m\u00e1is ten, non a quen mellor o fai.<strong> Son decisi\u00f3ns pol\u00edticas. E poden cambiarse. Outro modelo \u00e9 posible.<\/strong> <\/p><p><strong>Existen xa escolas que saben que se pode facer doutra maneira: <\/strong>escolas que saben que empresas hai detr\u00e1s de cada men\u00fa. Escolas que demostran cada d\u00eda que mercar produtos frescos, ecol\u00f3xicos, de proximidade e de tempada elimina intermediarios, reduce custos e inxustizas. Queremos que as escolas que saben deixen de ser a excepci\u00f3n e pasen a ser a norma. Que o que pagamos non financie a explotaci\u00f3n laboral ou a devastaci\u00f3n ambiental, nin aqu\u00ed nin noutros pa\u00edses.    Que as coci\u00f1as de verdade sigan existindo. Agora hai unha vent\u00e1 aberta e temos que organizarnos para facer efectivos os nosos dereitos.  En abril de 2026 entra en vigor un novo <strong>decreto sobre comedores escolares que, a\u00ednda que reco\u00f1ece o dereito a unha compra p\u00fablica sostible, queda curto \u00e1 hora de garantilo.<\/strong><\/p><p>Pode que te preocupe a sa\u00fade dos teus fillos e fillas ou o despoboamento do campo. Quizais o teu sexa o clima e ves absurdo que traiamos comida da outra punta do mundo, ou que se vulneren os dereitos de quen a produce en pa\u00edses lonxanos e aqu\u00ed mesmo. Ao mellor s\u00f3 queres saber en que se gastan os teus impostos, ou par\u00e9ceche unha contradici\u00f3n que na clase se fale de coidar o planeta e no comedor se faga o contrario. Pode que as t\u00faas preocupaci\u00f3ns sexan outras ou que algunhas das expostas che parezan esaxeradas. Pero iso non importa.     <strong>Os grandes cambios cons\u00e9guenos quen empuxa na mesma direcci\u00f3n, a\u00ednda que non pensen exactamente igual.<\/strong><\/p><p><strong>A compra p\u00fablica alimentaria nas escolas debe cambiar para que deixe de favorecer a quen domina o mercado e favoreza a sa\u00fade das nenas e dos nenos. <\/strong>Asinamos este manifesto porque sabemos que este cambio \u00e9 posible e esiximos garant\u00edas.<\/p><p>Somos escolas, organizaci\u00f3ns, produtores, familias, sindicatos, administraci\u00f3ns e empresas que sabemos que a compra p\u00fablica de alimentos nos afecta a todas e <strong>debe cambiar.<\/strong><\/p>\t\t\t\t\t\t\t\t<\/div>\n\t\t\t\t<div class=\"elementor-element elementor-element-128cfac elementor-widget elementor-widget-shortcode\" data-id=\"128cfac\" data-element_type=\"widget\" data-widget_type=\"shortcode.default\">\n\t\t\t\t\t\t\t<div class=\"elementor-shortcode\"><div class=\"subscribe-modal-overlay\">\n  <div class=\"subscribe-modal\">\n\n<div class=\"wpcf7 no-js\" id=\"wpcf7-f1037-o1\" lang=\"gl-ES\" dir=\"ltr\" data-wpcf7-id=\"1037\">\n<div class=\"screen-reader-response\"><p role=\"status\" aria-live=\"polite\" aria-atomic=\"true\"><\/p> <ul><\/ul><\/div>\n<form action=\"\/gl\/wp-json\/wp\/v2\/pages\/1056#wpcf7-f1037-o1\" method=\"post\" class=\"wpcf7-form init 1d3a09489c15 cmatic-conn cmatic-aud-1 cmatic-mapd0-0 cmatic-v0976 cmatic-sent-0 cmatic-total-597\" aria-label=\"Formulario de contacto\" novalidate=\"novalidate\" data-status=\"init\">\n<fieldset class=\"hidden-fields-container\"><input type=\"hidden\" name=\"_wpcf7\" value=\"1037\" \/><input type=\"hidden\" name=\"_wpcf7_version\" value=\"6.1.5\" \/><input type=\"hidden\" name=\"_wpcf7_locale\" value=\"gl_ES\" \/><input type=\"hidden\" name=\"_wpcf7_unit_tag\" value=\"wpcf7-f1037-o1\" \/><input type=\"hidden\" name=\"_wpcf7_container_post\" value=\"0\" \/><input type=\"hidden\" name=\"_wpcf7_posted_data_hash\" value=\"\" \/>\n<\/fieldset>\n<p><svg xmlns=\"http:\/\/www.w3.org\/2000\/svg\" class=\"subscribe-modal-close\" width=\"37\" height=\"37\" viewbox=\"0 0 37 37\" fill=\"none\"><path d=\"M9.18942 27.5735L27.5742 9.18869\" stroke=\"black\" stroke-width=\"2\"><\/path><path d=\"M9.19534 9.18821L27.5801 27.573\" stroke=\"black\" stroke-width=\"2\"><\/path><\/svg><br \/>\n<span class=\"wpcf7-form-control-wrap\" data-name=\"manifest-sign\"><span class=\"wpcf7-form-control wpcf7-acceptance optional\"><span class=\"wpcf7-list-item\"><label><input type=\"checkbox\" name=\"manifest-sign\" value=\"1\" aria-invalid=\"false\" \/><span class=\"wpcf7-list-item-label\">Asino o manifesto<\/span><\/label><\/span><\/span><\/span><span class=\"wpcf7-form-control-wrap\" data-name=\"manifest-sign-org\"><span class=\"wpcf7-form-control wpcf7-acceptance optional\"><span class=\"wpcf7-list-item\"><label><input type=\"checkbox\" name=\"manifest-sign-org\" value=\"1\" aria-invalid=\"false\" \/><span class=\"wpcf7-list-item-label\">Asino o manifesto como organizaci\u00f3n<\/span><\/label><\/span><\/span><\/span><span class=\"wpcf7-form-control-wrap\" data-name=\"newslettersubscribe\"><span class=\"wpcf7-form-control wpcf7-acceptance optional\"><span class=\"wpcf7-list-item\"><label><input type=\"checkbox\" name=\"newslettersubscribe\" value=\"1\" aria-invalid=\"false\" \/><span class=\"wpcf7-list-item-label\">Quero recibir m\u00e1is informaci\u00f3n<\/span><\/label><\/span><\/span><\/span>\n<\/p>\n<div class=\"forms-inputs\">\n\t<p><span class=\"wpcf7-form-control-wrap\" data-name=\"your-fullname\"><input size=\"40\" maxlength=\"400\" class=\"wpcf7-form-control wpcf7-text wpcf7-validates-as-required\" aria-required=\"true\" aria-invalid=\"false\" placeholder=\"Nome e apelidos\" value=\"\" type=\"text\" name=\"your-fullname\" \/><\/span><span class=\"wpcf7-form-control-wrap\" data-name=\"your-entity\"><input size=\"40\" maxlength=\"400\" class=\"wpcf7-form-control wpcf7-text\" aria-invalid=\"false\" placeholder=\"Entidade\" value=\"\" type=\"text\" name=\"your-entity\" \/><\/span><span class=\"wpcf7-form-control-wrap\" data-name=\"your-email\"><input size=\"40\" maxlength=\"400\" class=\"wpcf7-form-control wpcf7-email wpcf7-validates-as-required wpcf7-text wpcf7-validates-as-email\" aria-required=\"true\" aria-invalid=\"false\" placeholder=\"correo@correo.org\" value=\"\" type=\"email\" name=\"your-email\" \/><\/span>\n\t<\/p>\n<\/div>\n<div class=\"form-row\">\n\t<div class=\"form-col\">\n\t\t<p>Son:<br \/>\n<span class=\"wpcf7-form-control-wrap\" data-name=\"soy\"><span class=\"wpcf7-form-control wpcf7-checkbox wpcf7-validates-as-required\"><span class=\"wpcf7-list-item first\"><label><input type=\"checkbox\" name=\"soy[]\" value=\"Parte dunha escola (profesorado ou familia)\" \/><span class=\"wpcf7-list-item-label\">Parte dunha escola (profesorado ou familia)<\/span><\/label><\/span><span class=\"wpcf7-list-item\"><label><input type=\"checkbox\" name=\"soy[]\" value=\"Organizaci\u00f3n da sociedade civil\" \/><span class=\"wpcf7-list-item-label\">Organizaci\u00f3n da sociedade civil<\/span><\/label><\/span><span class=\"wpcf7-list-item\"><label><input type=\"checkbox\" name=\"soy[]\" value=\"Independiente\" \/><span class=\"wpcf7-list-item-label\">Independiente<\/span><\/label><\/span><span class=\"wpcf7-list-item last\"><label><input type=\"checkbox\" name=\"soy[]\" value=\"Outro\" \/><span class=\"wpcf7-list-item-label\">Outro<\/span><\/label><\/span><\/span><\/span><span class=\"wpcf7-form-control-wrap\" data-name=\"soy-otro-detalle\"><input size=\"40\" maxlength=\"400\" class=\"wpcf7-form-control wpcf7-text\" aria-invalid=\"false\" value=\"\" type=\"text\" name=\"soy-otro-detalle\" \/><\/span>\n\t\t<\/p>\n\t<\/div>\n\t<div class=\"form-col\">\n\t\t<p>Prefiro recibir informaci\u00f3n en:<br \/>\n<span class=\"wpcf7-form-control-wrap\" data-name=\"idioma\"><span class=\"wpcf7-form-control wpcf7-checkbox wpcf7-validates-as-required\"><span class=\"wpcf7-list-item first\"><label><input type=\"checkbox\" name=\"idioma[]\" value=\"Castel\u00e1n\" \/><span class=\"wpcf7-list-item-label\">Castel\u00e1n<\/span><\/label><\/span><span class=\"wpcf7-list-item\"><label><input type=\"checkbox\" name=\"idioma[]\" value=\"Catal\u00e1n\" \/><span class=\"wpcf7-list-item-label\">Catal\u00e1n<\/span><\/label><\/span><span class=\"wpcf7-list-item\"><label><input type=\"checkbox\" name=\"idioma[]\" value=\"\u00c9uscaro\" \/><span class=\"wpcf7-list-item-label\">\u00c9uscaro<\/span><\/label><\/span><span class=\"wpcf7-list-item last\"><label><input type=\"checkbox\" name=\"idioma[]\" value=\"Galego\" \/><span class=\"wpcf7-list-item-label\">Galego<\/span><\/label><\/span><\/span><\/span>\n\t\t<\/p>\n\t<\/div>\n<\/div>\n<p><label class=\"accpt\"><br \/>\n<span class=\"wpcf7-form-control-wrap\" data-name=\"acceptance-879\"><span class=\"wpcf7-form-control wpcf7-acceptance\"><span class=\"wpcf7-list-item\"><label><input type=\"checkbox\" name=\"acceptance-879\" value=\"1\" aria-invalid=\"false\" \/><span class=\"wpcf7-list-item-label\">Acepto a <a href=\"\/privacy-policy\" target=\"_blank\">pol\u00edtica de privacidade<\/a><\/span><\/label><\/span><\/span><\/span><br \/>\n<\/label>\n<\/p>\n<p><input class=\"wpcf7-form-control wpcf7-submit has-spinner\" type=\"submit\" value=\"ENVIAR\" \/>\n<\/p><div class=\"wpcf7-response-output\" aria-hidden=\"true\"><\/div>\n<\/form>\n<\/div>\n\n  <\/div>\n<\/div><\/div>\n\t\t\t\t\t\t<\/div>\n\t\t\t\t<div class=\"elementor-element elementor-element-8d6e391 marker-btn js-open-subscribe elementor-widget elementor-widget-button\" data-id=\"8d6e391\" data-element_type=\"widget\" data-widget_type=\"button.default\">\n\t\t\t\t\t\t\t\t\t\t<a class=\"elementor-button elementor-button-link elementor-size-sm\" href=\"#unete\" id=\"unete\">\n\t\t\t\t\t\t<span class=\"elementor-button-content-wrapper\">\n\t\t\t\t\t\t\t\t\t<span class=\"elementor-button-text\">ASINA<\/span>\n\t\t\t\t\t<\/span>\n\t\t\t\t\t<\/a>\n\t\t\t\t\t\t\t\t<\/div>\n\t\t\t\t<\/div>\n\t\t\t\t\t<\/div>\n\t\t\t\t<\/div>\n\t\t<div class=\"elementor-element elementor-element-3e67bf2e footer e-flex e-con-boxed e-con e-parent\" data-id=\"3e67bf2e\" data-element_type=\"container\">\n\t\t\t\t\t<div class=\"e-con-inner\">\n\t\t<div class=\"elementor-element elementor-element-6acdf84 e-con-full e-flex e-con e-child\" data-id=\"6acdf84\" data-element_type=\"container\">\n\t\t\t\t<div class=\"elementor-element elementor-element-72a1c62 elementor-widget elementor-widget-text-editor\" data-id=\"72a1c62\" data-element_type=\"widget\" data-widget_type=\"text-editor.default\">\n\t\t\t\t\t\t\t\t\t<p>IMPULSADO POR:<\/p>\t\t\t\t\t\t\t\t<\/div>\n\t\t\t\t<div class=\"elementor-element elementor-element-b6a09a6 elementor-widget elementor-widget-image\" data-id=\"b6a09a6\" data-element_type=\"widget\" data-widget_type=\"image.default\">\n\t\t\t\t\t\t\t\t\t\t\t\t\t\t\t<img decoding=\"async\" width=\"156\" height=\"40\" src=\"https:\/\/escuelasquesaben.org\/wp-content\/uploads\/2025\/11\/logo-CERAI-6-b\u03bd.png\" class=\"attachment-full size-full wp-image-1047\" alt=\"\" \/>\t\t\t\t\t\t\t\t\t\t\t\t\t\t\t<\/div>\n\t\t\t\t<div class=\"elementor-element elementor-element-3e42200 elementor-widget elementor-widget-image\" data-id=\"3e42200\" data-element_type=\"widget\" data-widget_type=\"image.default\">\n\t\t\t\t\t\t\t\t\t\t\t\t\t\t\t<img decoding=\"async\" width=\"176\" height=\"37\" src=\"https:\/\/escuelasquesaben.org\/wp-content\/uploads\/2025\/11\/logo-mundubat-bn.png\" class=\"attachment-full size-full wp-image-1048\" alt=\"\" \/>\t\t\t\t\t\t\t\t\t\t\t\t\t\t\t<\/div>\n\t\t\t\t<\/div>\n\t\t<div class=\"elementor-element elementor-element-445a6f7 e-con-full footer-links e-flex e-con e-child\" data-id=\"445a6f7\" data-element_type=\"container\">\n\t\t\t\t<div class=\"elementor-element elementor-element-52d55f6 elementor-widget__width-inherit elementor-widget elementor-widget-text-editor\" data-id=\"52d55f6\" data-element_type=\"widget\" data-widget_type=\"text-editor.default\">\n\t\t\t\t\t\t\t\t\tCERAI\n<div style=\"text-decoration: underline; display: block;\"><a href=\"https:\/\/www.instagram.com\/ceraiongd\/\">IG<\/a> \/\n<a href=\"https:\/\/www.linkedin.com\/company\/cerai\/?originalSubdomain=es\">LK<\/a> \/\n<a href=\"https:\/\/bsky.app\/profile\/ongd-cerai.bsky.social\">BSKY<\/a><\/div>\t\t\t\t\t\t\t\t<\/div>\n\t\t\t\t<div class=\"elementor-element elementor-element-6e449ec elementor-widget elementor-widget-text-editor\" data-id=\"6e449ec\" data-element_type=\"widget\" data-widget_type=\"text-editor.default\">\n\t\t\t\t\t\t\t\t\tMUNDUBAT\n<div style=\"text-decoration: underline; display: block;\"><a href=\"https:\/\/www.instagram.com\/mundubatongd\/\">IG<\/a> \/\n<a href=\"https:\/\/www.linkedin.com\/company\/mundubat\/\">LK<\/a> \/\n<a href=\"https:\/\/bsky.app\/profile\/mundubat.bsky.social\">BSKY<\/a><\/div>\t\t\t\t\t\t\t\t<\/div>\n\t\t\t\t<div class=\"elementor-element elementor-element-768b554 elementor-widget elementor-widget-text-editor\" data-id=\"768b554\" data-element_type=\"widget\" data-widget_type=\"text-editor.default\">\n\t\t\t\t\t\t\t\t\t<p>CONTACTO<\/p><div style=\"text-decoration: underline; display: block;\"><a href=\"mailto:hola@escuelasquesaben.org\">hola@escuelasquesaben.org<\/a><\/div>\t\t\t\t\t\t\t\t<\/div>\n\t\t\t\t<\/div>\n\t\t<div class=\"elementor-element elementor-element-43383d3 e-con-full e-flex e-con e-child\" data-id=\"43383d3\" data-element_type=\"container\">\n\t\t\t\t<div class=\"elementor-element elementor-element-2174eb0 elementor-widget elementor-widget-text-editor\" data-id=\"2174eb0\" data-element_type=\"widget\" data-widget_type=\"text-editor.default\">\n\t\t\t\t\t\t\t\t\t<p>CON EL APOYO DE:<\/p>\t\t\t\t\t\t\t\t<\/div>\n\t\t<div class=\"elementor-element elementor-element-b0caedd e-con-full e-flex e-con e-child\" data-id=\"b0caedd\" data-element_type=\"container\">\n\t\t\t\t<div class=\"elementor-element elementor-element-6752918 elementor-widget__width-initial elementor-widget elementor-widget-image\" data-id=\"6752918\" data-element_type=\"widget\" data-widget_type=\"image.default\">\n\t\t\t\t\t\t\t\t\t\t\t\t\t\t\t<img decoding=\"async\" width=\"527\" height=\"64\" src=\"https:\/\/escuelasquesaben.org\/wp-content\/uploads\/2025\/11\/aecid-bn-1.png\" class=\"attachment-full size-full wp-image-1049\" alt=\"\" srcset=\"https:\/\/escuelasquesaben.org\/wp-content\/uploads\/2025\/11\/aecid-bn-1.png 527w, https:\/\/escuelasquesaben.org\/wp-content\/uploads\/2025\/11\/aecid-bn-1-300x36.png 300w\" sizes=\"(max-width: 527px) 100vw, 527px\" \/>\t\t\t\t\t\t\t\t\t\t\t\t\t\t\t<\/div>\n\t\t\t\t<div class=\"elementor-element elementor-element-39358ef elementor-widget__width-initial elementor-widget elementor-widget-image\" data-id=\"39358ef\" data-element_type=\"widget\" data-widget_type=\"image.default\">\n\t\t\t\t\t\t\t\t\t\t\t\t\t\t\t<img loading=\"lazy\" decoding=\"async\" width=\"982\" height=\"336\" src=\"https:\/\/escuelasquesaben.org\/wp-content\/uploads\/2026\/03\/9f103fcd1d530760f21f11891138b0b8f837eb52.png\" class=\"attachment-full size-full wp-image-1050\" alt=\"\" srcset=\"https:\/\/escuelasquesaben.org\/wp-content\/uploads\/2026\/03\/9f103fcd1d530760f21f11891138b0b8f837eb52.png 982w, https:\/\/escuelasquesaben.org\/wp-content\/uploads\/2026\/03\/9f103fcd1d530760f21f11891138b0b8f837eb52-300x103.png 300w, https:\/\/escuelasquesaben.org\/wp-content\/uploads\/2026\/03\/9f103fcd1d530760f21f11891138b0b8f837eb52-768x263.png 768w, https:\/\/escuelasquesaben.org\/wp-content\/uploads\/2026\/03\/9f103fcd1d530760f21f11891138b0b8f837eb52-600x205.png 600w\" sizes=\"(max-width: 982px) 100vw, 982px\" \/>\t\t\t\t\t\t\t\t\t\t\t\t\t\t\t<\/div>\n\t\t\t\t<\/div>\n\t\t\t\t<\/div>\n\t\t\t\t\t<\/div>\n\t\t\t\t<\/div>\n\t\t\t\t<\/div>\n\t\t","protected":false},"excerpt":{"rendered":"<p>ESCOLAS QUE SABEN MANIFIESTO Cada d\u00eda, mill\u00f3ns de nenas e nenos comen en comedores escolares. E cada d\u00eda, cos nosos [&hellip;]<\/p>\n","protected":false},"author":1,"featured_media":0,"parent":0,"menu_order":0,"comment_status":"closed","ping_status":"closed","template":"","meta":{"inline_featured_image":false,"footnotes":""},"class_list":["post-1056","page","type-page","status-publish","hentry"],"_links":{"self":[{"href":"https:\/\/escuelasquesaben.org\/gl\/wp-json\/wp\/v2\/pages\/1056","targetHints":{"allow":["GET"]}}],"collection":[{"href":"https:\/\/escuelasquesaben.org\/gl\/wp-json\/wp\/v2\/pages"}],"about":[{"href":"https:\/\/escuelasquesaben.org\/gl\/wp-json\/wp\/v2\/types\/page"}],"author":[{"embeddable":true,"href":"https:\/\/escuelasquesaben.org\/gl\/wp-json\/wp\/v2\/users\/1"}],"replies":[{"embeddable":true,"href":"https:\/\/escuelasquesaben.org\/gl\/wp-json\/wp\/v2\/comments?post=1056"}],"version-history":[{"count":7,"href":"https:\/\/escuelasquesaben.org\/gl\/wp-json\/wp\/v2\/pages\/1056\/revisions"}],"predecessor-version":[{"id":1065,"href":"https:\/\/escuelasquesaben.org\/gl\/wp-json\/wp\/v2\/pages\/1056\/revisions\/1065"}],"wp:attachment":[{"href":"https:\/\/escuelasquesaben.org\/gl\/wp-json\/wp\/v2\/media?parent=1056"}],"curies":[{"name":"wp","href":"https:\/\/api.w.org\/{rel}","templated":true}]}}