{"id":936,"date":"2026-03-19T06:46:41","date_gmt":"2026-03-19T05:46:41","guid":{"rendered":"https:\/\/escuelasquesaben.org\/manifest\/"},"modified":"2026-03-27T06:52:08","modified_gmt":"2026-03-27T05:52:08","slug":"manifest","status":"publish","type":"page","link":"https:\/\/escuelasquesaben.org\/ca\/manifest\/","title":{"rendered":"MANIFEST"},"content":{"rendered":"\t\t<div data-elementor-type=\"wp-page\" data-elementor-id=\"936\" class=\"elementor elementor-936 elementor-670\">\n\t\t\t\t<div class=\"elementor-element elementor-element-201df5d e-flex e-con-boxed e-con e-parent\" data-id=\"201df5d\" data-element_type=\"container\">\n\t\t\t\t\t<div class=\"e-con-inner\">\n\t\t\t\t<div class=\"elementor-element elementor-element-84b8a0b elementor-widget elementor-widget-html\" data-id=\"84b8a0b\" data-element_type=\"widget\" data-widget_type=\"html.default\">\n\t\t\t\t\t<h1 class=\"hero-title\">\n  <span class=\"line outline\">ESCOLES QUE SABEN<\/span>\n<\/h1>\t\t\t\t<\/div>\n\t\t\t\t\t<\/div>\n\t\t\t\t<\/div>\n\t\t<div class=\"elementor-element elementor-element-bf1a250 slider-wrapper e-flex e-con-boxed e-con e-parent\" data-id=\"bf1a250\" data-element_type=\"container\">\n\t\t\t\t\t<div class=\"e-con-inner\">\n\t\t\t\t<div class=\"elementor-element elementor-element-c1033e8 elementor-widget elementor-widget-html\" data-id=\"c1033e8\" data-element_type=\"widget\" data-widget_type=\"html.default\">\n\t\t\t\t\t<a href=\"\/\" class=\"goback\">\n<svg xmlns=\"http:\/\/www.w3.org\/2000\/svg\" width=\"160\" height=\"95\" viewbox=\"0 0 160 95\" fill=\"none\">\n<line x1=\"159.328\" y1=\"47.6147\" x2=\"1.41461\" y2=\"47.6146\" stroke=\"black\" stroke-width=\"2\"><\/line>\n<path d=\"M47.4617 0.702757L1.41406 47.3177L48.029 93.3653\" stroke=\"black\" stroke-width=\"2\"><\/path>\n<\/svg>\n<\/a>\t\t\t\t<\/div>\n\t\t<div class=\"elementor-element elementor-element-c08e4ea e-con-full e-flex e-con e-child\" data-id=\"c08e4ea\" data-element_type=\"container\">\n\t\t\t\t<div class=\"elementor-element elementor-element-f570615 elementor-widget elementor-widget-heading\" data-id=\"f570615\" data-element_type=\"widget\" data-widget_type=\"heading.default\">\n\t\t\t\t\t<h2 class=\"elementor-heading-title elementor-size-default\">MANIFEST<\/h2>\t\t\t\t<\/div>\n\t\t\t\t<div class=\"elementor-element elementor-element-3071400 elementor-widget elementor-widget-text-editor\" data-id=\"3071400\" data-element_type=\"widget\" data-widget_type=\"text-editor.default\">\n\t\t\t\t\t\t\t\t\t<p>Cada dia, milions de nenes i nens mengen en menjadors escolars. I cada dia, amb els nostres impostos, es compra menjar que ha fet la volta al m\u00f3n abans d&#8217;arribar a la taula. No \u00e9s nom\u00e9s una q\u00fcesti\u00f3 de quil\u00f2metres: \u00e9s l&#8217;impacte en la salut, l&#8217;economia, el territori, el clima.   <strong>El resultat? Diners p\u00fablics que alimenten les grans distribu\u00efdores, mentre el camp d&#8217;aqu\u00ed no pot ni competir. <\/strong> Aix\u00f2 no passa perqu\u00e8 s\u00ed. Passa pel fet que els requisits que posa l\u2019administraci\u00f3 per triar a qui comprar afavoreixen qui m\u00e9s t\u00e9, no qui millor ho fa. <strong>S\u00f3n decisions pol\u00edtiques. I poden canviar-se.<\/strong> <\/p><p><strong>Existeixen ja escoles que saben que es pot fer d\u2019una altra manera:<\/strong> escoles que saben quines empreses hi ha darrere de cada men\u00fa. Escoles que demostren cada dia que comprar productes frescos, ecol\u00f2gics, de proximitat i de temporada elimina intermediaris, redueix costos i injust\u00edcies. Volem que les escoles que saben deixin de ser l\u2019excepci\u00f3 i passin a ser la norma. Que el que paguem no financi l\u2019explotaci\u00f3 laboral o la devastaci\u00f3 ambiental, ni aqu\u00ed ni en altres pa\u00efsos.    Que les cuines de veritat continu\u00efn existint. Ara hi ha una finestra oberta i hem d\u2019organitzar-nos per fer efectius els nostres drets.  L&#8217;abril de 2026 entra en vigor un nou decret sobre menjadors escolars que, tot i que reconeix el dret a una compra p\u00fablica sostenible, es queda curt a l&#8217;hora de garantir-lo.<\/p><p>Pot ser que et preocupi la salut dels teus fills i filles o el despoblament del camp. Potser el que et mou \u00e9s el clima i trobis absurd que portem menjar de l&#8217;altra punta del m\u00f3n, o que es vulnerin els drets de qui el produeix en pa\u00efsos llunyans i aqu\u00ed mateix. Potser nom\u00e9s vols saber en qu\u00e8 es gasten els teus impostos, o et sembla una contradicci\u00f3 que a classe es parli de cuidar el planeta i al menjador es faci el contrari. Pot ser que les teves preocupacions siguin unes altres o que algunes de les exposades et semblin exagerades. Per\u00f2 aix\u00f2 no importa.     <strong>Els grans canvis els aconsegueixen aquells que empenyen en la mateixa direcci\u00f3, encara que no pensin exactament igual.<\/strong><\/p><p><strong>La compra p\u00fablica aliment\u00e0ria a les escoles ha de canviar perqu\u00e8 deixi d&#8217;afavorir els qui dominen el mercat i afavoreixi la salut del infants. <\/strong>Signem aquest manifest perqu\u00e8 sabem que \u00e9s possible i exigim garanties.<\/p><p>Som escoles, organitzacions, productors, fam\u00edlies, sindicats, administracions i empreses que sabem que la compra p\u00fablica d&#8217;aliments ens afecta a totes i <strong>ha de canviar.<\/strong><\/p>\t\t\t\t\t\t\t\t<\/div>\n\t\t\t\t<div class=\"elementor-element elementor-element-128cfac elementor-widget elementor-widget-shortcode\" data-id=\"128cfac\" data-element_type=\"widget\" data-widget_type=\"shortcode.default\">\n\t\t\t\t\t\t\t<div class=\"elementor-shortcode\"><div class=\"subscribe-modal-overlay\">\n  <div class=\"subscribe-modal\">\n\n<div class=\"wpcf7 no-js\" id=\"wpcf7-f940-o1\" lang=\"ca\" dir=\"ltr\" data-wpcf7-id=\"940\">\n<div class=\"screen-reader-response\"><p role=\"status\" aria-live=\"polite\" aria-atomic=\"true\"><\/p> <ul><\/ul><\/div>\n<form action=\"\/ca\/wp-json\/wp\/v2\/pages\/936#wpcf7-f940-o1\" method=\"post\" class=\"wpcf7-form init 1d3a09489c15 cmatic-conn cmatic-aud-1 cmatic-mapd4-4 cmatic-v0976 cmatic-sent-309 cmatic-total-597\" aria-label=\"Formulari de contacte\" novalidate=\"novalidate\" data-status=\"init\">\n<fieldset class=\"hidden-fields-container\"><input type=\"hidden\" name=\"_wpcf7\" value=\"940\" \/><input type=\"hidden\" name=\"_wpcf7_version\" value=\"6.1.5\" \/><input type=\"hidden\" name=\"_wpcf7_locale\" value=\"ca\" \/><input type=\"hidden\" name=\"_wpcf7_unit_tag\" value=\"wpcf7-f940-o1\" \/><input type=\"hidden\" name=\"_wpcf7_container_post\" value=\"0\" \/><input type=\"hidden\" name=\"_wpcf7_posted_data_hash\" value=\"\" \/>\n<\/fieldset>\n<p><svg xmlns=\"http:\/\/www.w3.org\/2000\/svg\" class=\"subscribe-modal-close\" width=\"37\" height=\"37\" viewbox=\"0 0 37 37\" fill=\"none\"><path d=\"M9.18942 27.5735L27.5742 9.18869\" stroke=\"black\" stroke-width=\"2\"><\/path><path d=\"M9.19534 9.18821L27.5801 27.573\" stroke=\"black\" stroke-width=\"2\"><\/path><\/svg><br \/>\n<span class=\"wpcf7-form-control-wrap\" data-name=\"manifest-sign\"><span class=\"wpcf7-form-control wpcf7-acceptance optional\"><span class=\"wpcf7-list-item\"><label><input type=\"checkbox\" name=\"manifest-sign\" value=\"1\" aria-invalid=\"false\" \/><span class=\"wpcf7-list-item-label\">Signo el manifest com a persona<\/span><\/label><\/span><\/span><\/span><span class=\"wpcf7-form-control-wrap\" data-name=\"manifest-sign-org\"><span class=\"wpcf7-form-control wpcf7-acceptance optional\"><span class=\"wpcf7-list-item\"><label><input type=\"checkbox\" name=\"manifest-sign-org\" value=\"1\" aria-invalid=\"false\" \/><span class=\"wpcf7-list-item-label\">Signo el manifest com a organitzaci\u00f3<\/span><\/label><\/span><\/span><\/span><span class=\"wpcf7-form-control-wrap\" data-name=\"newslettersubscribe\"><span class=\"wpcf7-form-control wpcf7-acceptance optional\"><span class=\"wpcf7-list-item\"><label><input type=\"checkbox\" name=\"newslettersubscribe\" value=\"1\" aria-invalid=\"false\" \/><span class=\"wpcf7-list-item-label\">Vull rebre m\u00e9s informaci\u00f3 sobre la campanya<\/span><\/label><\/span><\/span><\/span>\n<\/p>\n<div class=\"forms-inputs\">\n\t<p><span class=\"wpcf7-form-control-wrap\" data-name=\"your-fullname\"><input size=\"40\" maxlength=\"400\" class=\"wpcf7-form-control wpcf7-text wpcf7-validates-as-required\" aria-required=\"true\" aria-invalid=\"false\" placeholder=\"Nom i cognoms\" value=\"\" type=\"text\" name=\"your-fullname\" \/><\/span><span class=\"wpcf7-form-control-wrap\" data-name=\"your-entity\"><input size=\"40\" maxlength=\"400\" class=\"wpcf7-form-control wpcf7-text\" aria-invalid=\"false\" placeholder=\"Entitat\" value=\"\" type=\"text\" name=\"your-entity\" \/><\/span><span class=\"wpcf7-form-control-wrap\" data-name=\"your-email\"><input size=\"40\" maxlength=\"400\" class=\"wpcf7-form-control wpcf7-email wpcf7-validates-as-required wpcf7-text wpcf7-validates-as-email\" aria-required=\"true\" aria-invalid=\"false\" placeholder=\"correo@correo.org\" value=\"\" type=\"email\" name=\"your-email\" \/><\/span>\n\t<\/p>\n<\/div>\n<div class=\"form-row\">\n\t<div class=\"form-col\">\n\t\t<p>Soc:<br \/>\n<span class=\"wpcf7-form-control-wrap\" data-name=\"soy\"><span class=\"wpcf7-form-control wpcf7-checkbox wpcf7-validates-as-required\"><span class=\"wpcf7-list-item first\"><label><input type=\"checkbox\" name=\"soy[]\" value=\"Part d&#039;una escola (professorat o families)\" \/><span class=\"wpcf7-list-item-label\">Part d&#039;una escola (professorat o families)<\/span><\/label><\/span><span class=\"wpcf7-list-item\"><label><input type=\"checkbox\" name=\"soy[]\" value=\"Organitzaci\u00f3 de la societat civil\" \/><span class=\"wpcf7-list-item-label\">Organitzaci\u00f3 de la societat civil<\/span><\/label><\/span><span class=\"wpcf7-list-item\"><label><input type=\"checkbox\" name=\"soy[]\" value=\"Independent interessat\/a\" \/><span class=\"wpcf7-list-item-label\">Independent interessat\/a<\/span><\/label><\/span><span class=\"wpcf7-list-item last\"><label><input type=\"checkbox\" name=\"soy[]\" value=\"Altres\" \/><span class=\"wpcf7-list-item-label\">Altres<\/span><\/label><\/span><\/span><\/span><span class=\"wpcf7-form-control-wrap\" data-name=\"soy-otro-detalle\"><input size=\"40\" maxlength=\"400\" class=\"wpcf7-form-control wpcf7-text\" aria-invalid=\"false\" value=\"\" type=\"text\" name=\"soy-otro-detalle\" \/><\/span>\n\t\t<\/p>\n\t<\/div>\n\t<div class=\"form-col\">\n\t\t<p>Prefereixo rebre la informaci\u00f3 en:<br \/>\n<span class=\"wpcf7-form-control-wrap\" data-name=\"idioma\"><span class=\"wpcf7-form-control wpcf7-checkbox wpcf7-validates-as-required\"><span class=\"wpcf7-list-item first\"><label><input type=\"checkbox\" name=\"idioma[]\" value=\"Castell\u00e0\" \/><span class=\"wpcf7-list-item-label\">Castell\u00e0<\/span><\/label><\/span><span class=\"wpcf7-list-item\"><label><input type=\"checkbox\" name=\"idioma[]\" value=\"Catal\u00e0\" \/><span class=\"wpcf7-list-item-label\">Catal\u00e0<\/span><\/label><\/span><span class=\"wpcf7-list-item\"><label><input type=\"checkbox\" name=\"idioma[]\" value=\"Euskera\" \/><span class=\"wpcf7-list-item-label\">Euskera<\/span><\/label><\/span><span class=\"wpcf7-list-item last\"><label><input type=\"checkbox\" name=\"idioma[]\" value=\"Gallec\" \/><span class=\"wpcf7-list-item-label\">Gallec<\/span><\/label><\/span><\/span><\/span>\n\t\t<\/p>\n\t<\/div>\n<\/div>\n<p><label class=\"accpt\"><br \/>\n<span class=\"wpcf7-form-control-wrap\" data-name=\"acceptance-879\"><span class=\"wpcf7-form-control wpcf7-acceptance\"><span class=\"wpcf7-list-item\"><label><input type=\"checkbox\" name=\"acceptance-879\" value=\"1\" aria-invalid=\"false\" \/><span class=\"wpcf7-list-item-label\">Accepto la <a href=\"\/privacy-policy\" target=\"_blank\">pol\u00edtica de privacitat<\/a><\/span><\/label><\/span><\/span><\/span><br \/>\n<\/label>\n<\/p>\n<p><input class=\"wpcf7-form-control wpcf7-submit has-spinner\" type=\"submit\" value=\"ENVIAR\" \/>\n<\/p><div class=\"wpcf7-response-output\" aria-hidden=\"true\"><\/div>\n<\/form>\n<\/div>\n\n  <\/div>\n<\/div><\/div>\n\t\t\t\t\t\t<\/div>\n\t\t\t\t<div class=\"elementor-element elementor-element-8d6e391 marker-btn js-open-subscribe elementor-widget elementor-widget-button\" data-id=\"8d6e391\" data-element_type=\"widget\" data-widget_type=\"button.default\">\n\t\t\t\t\t\t\t\t\t\t<a class=\"elementor-button elementor-button-link elementor-size-sm\" href=\"#unete\" id=\"unete\">\n\t\t\t\t\t\t<span class=\"elementor-button-content-wrapper\">\n\t\t\t\t\t\t\t\t\t<span class=\"elementor-button-text\">Signa<\/span>\n\t\t\t\t\t<\/span>\n\t\t\t\t\t<\/a>\n\t\t\t\t\t\t\t\t<\/div>\n\t\t\t\t<\/div>\n\t\t\t\t\t<\/div>\n\t\t\t\t<\/div>\n\t\t<div class=\"elementor-element elementor-element-3e67bf2e footer e-flex e-con-boxed e-con e-parent\" data-id=\"3e67bf2e\" data-element_type=\"container\">\n\t\t\t\t\t<div class=\"e-con-inner\">\n\t\t<div class=\"elementor-element elementor-element-6acdf84 e-con-full e-flex e-con e-child\" data-id=\"6acdf84\" data-element_type=\"container\">\n\t\t\t\t<div class=\"elementor-element elementor-element-72a1c62 elementor-widget elementor-widget-text-editor\" data-id=\"72a1c62\" data-element_type=\"widget\" data-widget_type=\"text-editor.default\">\n\t\t\t\t\t\t\t\t\t<p>IMPULSAT PER:<\/p>\t\t\t\t\t\t\t\t<\/div>\n\t\t\t\t<div class=\"elementor-element elementor-element-b6a09a6 elementor-widget elementor-widget-image\" data-id=\"b6a09a6\" data-element_type=\"widget\" data-widget_type=\"image.default\">\n\t\t\t\t\t\t\t\t\t\t\t\t\t\t\t<img decoding=\"async\" width=\"156\" height=\"40\" src=\"https:\/\/escuelasquesaben.org\/wp-content\/uploads\/2025\/11\/logo-CERAI-6-b\u03bd.png\" class=\"attachment-full size-full wp-image-221\" alt=\"\" \/>\t\t\t\t\t\t\t\t\t\t\t\t\t\t\t<\/div>\n\t\t\t\t<div class=\"elementor-element elementor-element-3e42200 elementor-widget elementor-widget-image\" data-id=\"3e42200\" data-element_type=\"widget\" data-widget_type=\"image.default\">\n\t\t\t\t\t\t\t\t\t\t\t\t\t\t\t<img decoding=\"async\" width=\"176\" height=\"37\" src=\"https:\/\/escuelasquesaben.org\/wp-content\/uploads\/2025\/11\/logo-mundubat-bn.png\" class=\"attachment-full size-full wp-image-222\" alt=\"\" \/>\t\t\t\t\t\t\t\t\t\t\t\t\t\t\t<\/div>\n\t\t\t\t<\/div>\n\t\t<div class=\"elementor-element elementor-element-445a6f7 e-con-full footer-links e-flex e-con e-child\" data-id=\"445a6f7\" data-element_type=\"container\">\n\t\t\t\t<div class=\"elementor-element elementor-element-52d55f6 elementor-widget__width-inherit elementor-widget elementor-widget-text-editor\" data-id=\"52d55f6\" data-element_type=\"widget\" data-widget_type=\"text-editor.default\">\n\t\t\t\t\t\t\t\t\tCERAI\n<div style=\"text-decoration: underline; display: block;\"><a href=\"https:\/\/www.instagram.com\/ceraiongd\/\">IG<\/a> \/\n<a href=\"https:\/\/www.linkedin.com\/company\/cerai\/?originalSubdomain=es\">LK<\/a> \/\n<a href=\"https:\/\/bsky.app\/profile\/ongd-cerai.bsky.social\">BSKY<\/a><\/div>\t\t\t\t\t\t\t\t<\/div>\n\t\t\t\t<div class=\"elementor-element elementor-element-6e449ec elementor-widget elementor-widget-text-editor\" data-id=\"6e449ec\" data-element_type=\"widget\" data-widget_type=\"text-editor.default\">\n\t\t\t\t\t\t\t\t\tMUNDUBAT\n<div style=\"text-decoration: underline; display: block;\"><a href=\"https:\/\/www.instagram.com\/mundubatongd\/\">IG<\/a> \/\n<a href=\"https:\/\/www.linkedin.com\/company\/mundubat\/\">LK<\/a> \/\n<a href=\"https:\/\/bsky.app\/profile\/mundubat.bsky.social\">BSKY<\/a><\/div>\t\t\t\t\t\t\t\t<\/div>\n\t\t\t\t<div class=\"elementor-element elementor-element-768b554 elementor-widget elementor-widget-text-editor\" data-id=\"768b554\" data-element_type=\"widget\" data-widget_type=\"text-editor.default\">\n\t\t\t\t\t\t\t\t\t<p>CONTACTE<\/p><div style=\"text-decoration: underline; display: block;\"><a href=\"mailto:hola@escuelasquesaben.org\">hola@escuelasquesaben.org<\/a><\/div>\t\t\t\t\t\t\t\t<\/div>\n\t\t\t\t<\/div>\n\t\t<div class=\"elementor-element elementor-element-43383d3 e-con-full e-flex e-con e-child\" data-id=\"43383d3\" data-element_type=\"container\">\n\t\t\t\t<div class=\"elementor-element elementor-element-2174eb0 elementor-widget elementor-widget-text-editor\" data-id=\"2174eb0\" data-element_type=\"widget\" data-widget_type=\"text-editor.default\">\n\t\t\t\t\t\t\t\t\t<p>AMB EL SUPORT DE:<\/p>\t\t\t\t\t\t\t\t<\/div>\n\t\t<div class=\"elementor-element elementor-element-b0caedd e-con-full e-flex e-con e-child\" data-id=\"b0caedd\" data-element_type=\"container\">\n\t\t\t\t<div class=\"elementor-element elementor-element-6752918 elementor-widget__width-initial elementor-widget elementor-widget-image\" data-id=\"6752918\" data-element_type=\"widget\" data-widget_type=\"image.default\">\n\t\t\t\t\t\t\t\t\t\t\t\t\t\t\t<img decoding=\"async\" width=\"527\" height=\"64\" src=\"https:\/\/escuelasquesaben.org\/wp-content\/uploads\/2025\/11\/aecid-bn-1.png\" class=\"attachment-full size-full wp-image-223\" alt=\"\" srcset=\"https:\/\/escuelasquesaben.org\/wp-content\/uploads\/2025\/11\/aecid-bn-1.png 527w, https:\/\/escuelasquesaben.org\/wp-content\/uploads\/2025\/11\/aecid-bn-1-300x36.png 300w\" sizes=\"(max-width: 527px) 100vw, 527px\" \/>\t\t\t\t\t\t\t\t\t\t\t\t\t\t\t<\/div>\n\t\t\t\t<div class=\"elementor-element elementor-element-39358ef elementor-widget__width-initial elementor-widget elementor-widget-image\" data-id=\"39358ef\" data-element_type=\"widget\" data-widget_type=\"image.default\">\n\t\t\t\t\t\t\t\t\t\t\t\t\t\t\t<img loading=\"lazy\" decoding=\"async\" width=\"982\" height=\"336\" src=\"https:\/\/escuelasquesaben.org\/wp-content\/uploads\/2026\/03\/9f103fcd1d530760f21f11891138b0b8f837eb52.png\" class=\"attachment-full size-full wp-image-935\" alt=\"\" srcset=\"https:\/\/escuelasquesaben.org\/wp-content\/uploads\/2026\/03\/9f103fcd1d530760f21f11891138b0b8f837eb52.png 982w, https:\/\/escuelasquesaben.org\/wp-content\/uploads\/2026\/03\/9f103fcd1d530760f21f11891138b0b8f837eb52-300x103.png 300w, https:\/\/escuelasquesaben.org\/wp-content\/uploads\/2026\/03\/9f103fcd1d530760f21f11891138b0b8f837eb52-768x263.png 768w, https:\/\/escuelasquesaben.org\/wp-content\/uploads\/2026\/03\/9f103fcd1d530760f21f11891138b0b8f837eb52-600x205.png 600w\" sizes=\"(max-width: 982px) 100vw, 982px\" \/>\t\t\t\t\t\t\t\t\t\t\t\t\t\t\t<\/div>\n\t\t\t\t<\/div>\n\t\t\t\t<\/div>\n\t\t\t\t\t<\/div>\n\t\t\t\t<\/div>\n\t\t\t\t<\/div>\n\t\t","protected":false},"excerpt":{"rendered":"<p>ESCOLES QUE SABEN MANIFEST Cada dia, milions de nenes i nens mengen en menjadors escolars. I cada dia, amb els [&hellip;]<\/p>\n","protected":false},"author":1,"featured_media":0,"parent":0,"menu_order":0,"comment_status":"closed","ping_status":"closed","template":"","meta":{"inline_featured_image":false,"footnotes":""},"class_list":["post-936","page","type-page","status-publish","hentry"],"_links":{"self":[{"href":"https:\/\/escuelasquesaben.org\/ca\/wp-json\/wp\/v2\/pages\/936","targetHints":{"allow":["GET"]}}],"collection":[{"href":"https:\/\/escuelasquesaben.org\/ca\/wp-json\/wp\/v2\/pages"}],"about":[{"href":"https:\/\/escuelasquesaben.org\/ca\/wp-json\/wp\/v2\/types\/page"}],"author":[{"embeddable":true,"href":"https:\/\/escuelasquesaben.org\/ca\/wp-json\/wp\/v2\/users\/1"}],"replies":[{"embeddable":true,"href":"https:\/\/escuelasquesaben.org\/ca\/wp-json\/wp\/v2\/comments?post=936"}],"version-history":[{"count":6,"href":"https:\/\/escuelasquesaben.org\/ca\/wp-json\/wp\/v2\/pages\/936\/revisions"}],"predecessor-version":[{"id":1017,"href":"https:\/\/escuelasquesaben.org\/ca\/wp-json\/wp\/v2\/pages\/936\/revisions\/1017"}],"wp:attachment":[{"href":"https:\/\/escuelasquesaben.org\/ca\/wp-json\/wp\/v2\/media?parent=936"}],"curies":[{"name":"wp","href":"https:\/\/api.w.org\/{rel}","templated":true}]}}