{"id":230,"date":"2025-11-01T10:55:04","date_gmt":"2025-11-01T09:55:04","guid":{"rendered":"https:\/\/escuelasquesaben.org\/pagina-dinici\/"},"modified":"2025-11-24T17:54:08","modified_gmt":"2025-11-24T16:54:08","slug":"pagina-dinici","status":"publish","type":"page","link":"https:\/\/escuelasquesaben.org\/ca\/pagina-dinici\/","title":{"rendered":"P\u00e0gina d&#8217;inici"},"content":{"rendered":"\t\t<div data-elementor-type=\"wp-page\" data-elementor-id=\"230\" class=\"elementor elementor-230 elementor-12\">\n\t\t\t\t<div class=\"elementor-element elementor-element-f26ed46 headline-section e-flex e-con-boxed e-con e-parent\" data-id=\"f26ed46\" data-element_type=\"container\">\n\t\t\t\t\t<div class=\"e-con-inner\">\n\t\t\t\t<div class=\"elementor-element elementor-element-13f2636 elementor-widget__width-inherit headline elementor-widget elementor-widget-heading\" data-id=\"13f2636\" data-element_type=\"widget\" data-widget_type=\"heading.default\">\n\t\t\t\t\t<h1 class=\"elementor-heading-title elementor-size-default\">escoles<\/h1>\t\t\t\t<\/div>\n\t\t\t\t<div class=\"elementor-element elementor-element-192f753 elementor-widget__width-inherit headline elementor-widget elementor-widget-heading\" data-id=\"192f753\" data-element_type=\"widget\" data-widget_type=\"heading.default\">\n\t\t\t\t\t<h1 class=\"elementor-heading-title elementor-size-default\">QUE SABEN<\/h1>\t\t\t\t<\/div>\n\t\t\t\t\t<\/div>\n\t\t\t\t<\/div>\n\t\t<div class=\"elementor-element elementor-element-ffccdab e-flex e-con-boxed e-con e-parent\" data-id=\"ffccdab\" data-element_type=\"container\">\n\t\t\t\t\t<div class=\"e-con-inner\">\n\t\t\t\t<div class=\"elementor-element elementor-element-a6721da marker-btn js-open-subscribe elementor-widget elementor-widget-button\" data-id=\"a6721da\" data-element_type=\"widget\" data-widget_type=\"button.default\">\n\t\t\t\t\t\t\t\t\t\t<a class=\"elementor-button elementor-button-link elementor-size-sm\" href=\"#unete\" id=\"unete\">\n\t\t\t\t\t\t<span class=\"elementor-button-content-wrapper\">\n\t\t\t\t\t\t\t\t\t<span class=\"elementor-button-text\">Uneix-te<\/span>\n\t\t\t\t\t<\/span>\n\t\t\t\t\t<\/a>\n\t\t\t\t\t\t\t\t<\/div>\n\t\t\t\t<div class=\"elementor-element elementor-element-222ff48 elementor-widget elementor-widget-shortcode\" data-id=\"222ff48\" data-element_type=\"widget\" data-widget_type=\"shortcode.default\">\n\t\t\t\t\t\t\t<div class=\"elementor-shortcode\"><div class=\"subscribe-modal-overlay\">\n  <div class=\"subscribe-modal\">\n\n<div class=\"wpcf7 no-js\" id=\"wpcf7-f244-o1\" lang=\"ca\" dir=\"ltr\" data-wpcf7-id=\"244\">\n<div class=\"screen-reader-response\"><p role=\"status\" aria-live=\"polite\" aria-atomic=\"true\"><\/p> <ul><\/ul><\/div>\n<form action=\"\/ca\/wp-json\/wp\/v2\/pages\/230#wpcf7-f244-o1\" method=\"post\" class=\"wpcf7-form init 1d3a09489c15 cmatic-conn cmatic-aud-1 cmatic-mapd5-5 cmatic-v0976 cmatic-sent-0 cmatic-total-626\" aria-label=\"Formulari de contacte\" novalidate=\"novalidate\" data-status=\"init\">\n<fieldset class=\"hidden-fields-container\"><input type=\"hidden\" name=\"_wpcf7\" value=\"244\" \/><input type=\"hidden\" name=\"_wpcf7_version\" value=\"6.1.5\" \/><input type=\"hidden\" name=\"_wpcf7_locale\" value=\"ca\" \/><input type=\"hidden\" name=\"_wpcf7_unit_tag\" value=\"wpcf7-f244-o1\" \/><input type=\"hidden\" name=\"_wpcf7_container_post\" value=\"0\" \/><input type=\"hidden\" name=\"_wpcf7_posted_data_hash\" value=\"\" \/>\n<\/fieldset>\n<p><br \/>\nRebr\u00e0s eines educatives, informaci\u00f3 sobre la campanya i propostes<br \/>\nper prendre acci\u00f3 i involucrar-te en la mesura que puguis.<br \/>\nPodr\u00e0s donar-te de baixa sempre que vulguis.\n<\/p>\n<p><br \/>\n<span class=\"wpcf7-form-control-wrap\" data-name=\"your-email\"><input size=\"40\" maxlength=\"400\" class=\"wpcf7-form-control wpcf7-email wpcf7-validates-as-required wpcf7-text wpcf7-validates-as-email\" aria-required=\"true\" aria-invalid=\"false\" placeholder=\"correo@correo.org\" value=\"\" type=\"email\" name=\"your-email\" \/><\/span>\n<\/p>\n<div class=\"form-row\">\n\t<div class=\"form-col\">\n\t\t<p>Soc:<br \/>\n<span class=\"wpcf7-form-control-wrap\" data-name=\"soy\"><span class=\"wpcf7-form-control wpcf7-checkbox wpcf7-validates-as-required\"><span class=\"wpcf7-list-item first\"><label><input type=\"checkbox\" name=\"soy[]\" value=\"Part d&#039;una escola (professorat o fam\u00edlies)\" \/><span class=\"wpcf7-list-item-label\">Part d&#039;una escola (professorat o fam\u00edlies)<\/span><\/label><\/span><span class=\"wpcf7-list-item\"><label><input type=\"checkbox\" name=\"soy[]\" value=\"Organitzaci\u00f3 de la societat civil\" \/><span class=\"wpcf7-list-item-label\">Organitzaci\u00f3 de la societat civil<\/span><\/label><\/span><span class=\"wpcf7-list-item\"><label><input type=\"checkbox\" name=\"soy[]\" value=\"Independent interessat\" \/><span class=\"wpcf7-list-item-label\">Independent interessat<\/span><\/label><\/span><span class=\"wpcf7-list-item last\"><label><input type=\"checkbox\" name=\"soy[]\" value=\"Altres\" \/><span class=\"wpcf7-list-item-label\">Altres<\/span><\/label><\/span><\/span><\/span><span class=\"wpcf7-form-control-wrap\" data-name=\"soy-otro-detalle\"><input size=\"40\" maxlength=\"400\" class=\"wpcf7-form-control wpcf7-text\" aria-invalid=\"false\" value=\"\" type=\"text\" name=\"soy-otro-detalle\" \/><\/span>\n\t\t<\/p>\n\t<\/div>\n\t<div class=\"form-col\">\n\t\t<p>Prefereixo rebre la informaci\u00f3 en::<br \/>\n<span class=\"wpcf7-form-control-wrap\" data-name=\"idioma\"><span class=\"wpcf7-form-control wpcf7-checkbox wpcf7-validates-as-required\"><span class=\"wpcf7-list-item first\"><label><input type=\"checkbox\" name=\"idioma[]\" value=\"Castell\u00e0\" \/><span class=\"wpcf7-list-item-label\">Castell\u00e0<\/span><\/label><\/span><span class=\"wpcf7-list-item\"><label><input type=\"checkbox\" name=\"idioma[]\" value=\"Catal\u00e0\" \/><span class=\"wpcf7-list-item-label\">Catal\u00e0<\/span><\/label><\/span><span class=\"wpcf7-list-item last\"><label><input type=\"checkbox\" name=\"idioma[]\" value=\"Euskera\" \/><span class=\"wpcf7-list-item-label\">Euskera<\/span><\/label><\/span><\/span><\/span>\n\t\t<\/p>\n\t<\/div>\n<\/div>\n<p><label class=\"accpt\"><br \/>\n<span class=\"wpcf7-form-control-wrap\" data-name=\"acceptance-879\"><span class=\"wpcf7-form-control wpcf7-acceptance optional\"><span class=\"wpcf7-list-item\"><label><input type=\"checkbox\" name=\"acceptance-879\" value=\"1\" aria-invalid=\"false\" \/><span class=\"wpcf7-list-item-label\">Accepto la <a href=\"\/privacy-policy\" target=\"_blank\">pol\u00edtica de privacitat<\/a><\/span><\/label><\/span><\/span><\/span><br \/>\n<\/label>\n<\/p>\n<p><input class=\"wpcf7-form-control wpcf7-submit has-spinner\" type=\"submit\" value=\"ENVIAR\" \/>\n<\/p><div class=\"wpcf7-response-output\" aria-hidden=\"true\"><\/div>\n<\/form>\n<\/div>\n\n  <\/div>\n<\/div><\/div>\n\t\t\t\t\t\t<\/div>\n\t\t\t\t\t<\/div>\n\t\t\t\t<\/div>\n\t\t<div class=\"elementor-element elementor-element-a31f3bd e-flex e-con-boxed e-con e-parent\" data-id=\"a31f3bd\" data-element_type=\"container\">\n\t\t\t\t\t<div class=\"e-con-inner\">\n\t\t\t\t<div class=\"elementor-element elementor-element-19daea3 elementor-widget elementor-widget-video\" data-id=\"19daea3\" data-element_type=\"widget\" data-settings=\"{&quot;youtube_url&quot;:&quot;https:\\\/\\\/www.youtube.com\\\/watch?v=ALsEZbt_WCo&quot;,&quot;video_type&quot;:&quot;youtube&quot;,&quot;controls&quot;:&quot;yes&quot;}\" data-widget_type=\"video.default\">\n\t\t\t\t\t\t\t<div class=\"elementor-wrapper elementor-open-inline\">\n\t\t\t<div class=\"elementor-video\"><\/div>\t\t<\/div>\n\t\t\t\t\t\t<\/div>\n\t\t\t\t\t<\/div>\n\t\t\t\t<\/div>\n\t\t<div class=\"elementor-element elementor-element-e8aca4c e-flex e-con-boxed e-con e-parent\" data-id=\"e8aca4c\" data-element_type=\"container\">\n\t\t\t\t\t<div class=\"e-con-inner\">\n\t\t\t\t<div class=\"elementor-element elementor-element-c8a8f0e elementor-widget elementor-widget-text-editor\" data-id=\"c8a8f0e\" data-element_type=\"widget\" data-widget_type=\"text-editor.default\">\n\t\t\t\t\t\t\t\t\t<p>Som <strong>escoles que saben<\/strong> que els aliments que oferim al menjador influeixen en els infants, el medi ambient i la realitat del m\u00f3n.<\/p><p>Escoles que saben l\u2019impacte que t\u00e9 el que mengem i el seu origen, i la import\u00e0ncia de la sostenibilitat i la just\u00edcia global. Som escoles que saben cuidar el medi ambient, aprofitant els aliments als nostres menjadors escolars, perqu\u00e8 aquests no contribueixin a vulnerar drets, ni a casa nostra ni a cap lloc del m\u00f3n.<\/p><p>Som escoles que saben que la sostenibilitat i la just\u00edcia s\u00f3n llargs camins a rec\u00f3rrer. I no importa en quin punt del cam\u00ed ens trobem, sabem que hi volem contribuir des dels nostres menjadors escolars. Volem saber com i qui decideix d\u2019on ve el menjar que oferim als i les nostres alumnes.<\/p>\t\t\t\t\t\t\t\t<\/div>\n\t\t\t\t<div class=\"elementor-element elementor-element-1d8d9c7 elementor-widget elementor-widget-text-editor\" data-id=\"1d8d9c7\" data-element_type=\"widget\" data-widget_type=\"text-editor.default\">\n\t\t\t\t\t\t\t\t\t<p><strong>Escoles que saben <\/strong>\u00e9s una campanya impulsada per CERAI i Mundubat, i amb la col\u00b7laboraci\u00f3 de la comunitat educativa, per <strong>aconseguir menjadors escolars que ofereixen aliments saludables, frescos, ecol\u00f2gics, de proximitat i que contribueixen a l\u2019equitat i el benestar del planeta.<\/strong><\/p>\t\t\t\t\t\t\t\t<\/div>\n\t\t\t\t\t<\/div>\n\t\t\t\t<\/div>\n\t\t<div class=\"elementor-element elementor-element-ec8302e e-flex e-con-boxed e-con e-parent\" data-id=\"ec8302e\" data-element_type=\"container\">\n\t\t\t\t\t<div class=\"e-con-inner\">\n\t\t<div class=\"elementor-element elementor-element-a665f17 e-con-full e-flex e-con e-child\" data-id=\"a665f17\" data-element_type=\"container\">\n\t\t<div class=\"elementor-element elementor-element-31b3cb2 e-con-full e-flex e-con e-child\" data-id=\"31b3cb2\" data-element_type=\"container\">\n\t\t\t\t<div class=\"elementor-element elementor-element-c5b581b elementor-widget__width-initial image-banner-text elementor-widget elementor-widget-text-editor\" data-id=\"c5b581b\" data-element_type=\"widget\" data-widget_type=\"text-editor.default\">\n\t\t\t\t\t\t\t\t\t<p>Pinta el teu cartell aqu\u00ed, fes una captura de pantalla i comparteix-ho en xarxes socials amb el hashtag #EscuelasQueSaben, etiquetant @ceraiongd i @mundubatongd.<\/p>\t\t\t\t\t\t\t\t<\/div>\n\t\t\t\t<div class=\"elementor-element elementor-element-0c5a935 elementor-widget__width-initial image-banner-text elementor-hidden-desktop elementor-widget elementor-widget-text-editor\" data-id=\"0c5a935\" data-element_type=\"widget\" data-widget_type=\"text-editor.default\">\n\t\t\t\t\t\t\t\t\t<p>Si est\u00e0s navegant amb el teu m\u00f2bil, descarrega&#8217;t el cartell i pinta&#8217;l amb el teu dispositiu oa les mateixes xarxes socials!<\/p>\t\t\t\t\t\t\t\t<\/div>\n\t\t\t\t<div class=\"elementor-element elementor-element-22066bc marker-btn download elementor-widget elementor-widget-button\" data-id=\"22066bc\" data-element_type=\"widget\" data-widget_type=\"button.default\">\n\t\t\t\t\t\t\t\t\t\t<a class=\"elementor-button elementor-button-link elementor-size-sm\" href=\"https:\/\/drive.google.com\/drive\/folders\/1tfQWbHxwK9aek17JCO8cV_qca7gFi0Xd?usp=drive_link\" target=\"_blank\" id=\"unete\">\n\t\t\t\t\t\t<span class=\"elementor-button-content-wrapper\">\n\t\t\t\t\t\t\t\t\t<span class=\"elementor-button-text\">Descarrega'l<\/span>\n\t\t\t\t\t<\/span>\n\t\t\t\t\t<\/a>\n\t\t\t\t\t\t\t\t<\/div>\n\t\t\t\t<\/div>\n\t\t\t\t<div class=\"elementor-element elementor-element-cd6b9f3 image-banner elementor-widget elementor-widget-image\" data-id=\"cd6b9f3\" data-element_type=\"widget\" data-widget_type=\"image.default\">\n\t\t\t\t\t\t\t\t\t\t\t\t\t\t\t<img fetchpriority=\"high\" decoding=\"async\" width=\"800\" height=\"1000\" src=\"https:\/\/escuelasquesaben.org\/wp-content\/uploads\/2025\/11\/escuelas-que-saben-1-819x1024.jpg\" class=\"attachment-large size-large wp-image-365\" alt=\"\" srcset=\"https:\/\/escuelasquesaben.org\/wp-content\/uploads\/2025\/11\/escuelas-que-saben-1-819x1024.jpg 819w, https:\/\/escuelasquesaben.org\/wp-content\/uploads\/2025\/11\/escuelas-que-saben-1-240x300.jpg 240w, https:\/\/escuelasquesaben.org\/wp-content\/uploads\/2025\/11\/escuelas-que-saben-1-768x960.jpg 768w, https:\/\/escuelasquesaben.org\/wp-content\/uploads\/2025\/11\/escuelas-que-saben-1-1228x1536.jpg 1228w, https:\/\/escuelasquesaben.org\/wp-content\/uploads\/2025\/11\/escuelas-que-saben-1-1638x2048.jpg 1638w, https:\/\/escuelasquesaben.org\/wp-content\/uploads\/2025\/11\/escuelas-que-saben-1-scaled.jpg 2047w\" sizes=\"(max-width: 800px) 100vw, 800px\" \/>\t\t\t\t\t\t\t\t\t\t\t\t\t\t\t<\/div>\n\t\t\t\t<\/div>\n\t\t\t\t<div class=\"elementor-element elementor-element-6487d12 elementor-hidden-tablet elementor-hidden-mobile elementor-widget elementor-widget-spacer\" data-id=\"6487d12\" data-element_type=\"widget\" data-widget_type=\"spacer.default\">\n\t\t\t\t\t\t\t<div class=\"elementor-spacer\">\n\t\t\t<div class=\"elementor-spacer-inner\"><\/div>\n\t\t<\/div>\n\t\t\t\t\t\t<\/div>\n\t\t\t\t<div class=\"elementor-element elementor-element-3552be6 elementor-widget elementor-widget-spacer\" data-id=\"3552be6\" data-element_type=\"widget\" data-widget_type=\"spacer.default\">\n\t\t\t\t\t\t\t<div class=\"elementor-spacer\">\n\t\t\t<div class=\"elementor-spacer-inner\"><\/div>\n\t\t<\/div>\n\t\t\t\t\t\t<\/div>\n\t\t\t\t\t<\/div>\n\t\t\t\t<\/div>\n\t\t<div class=\"elementor-element elementor-element-3e67bf2e footer e-flex e-con-boxed e-con e-parent\" data-id=\"3e67bf2e\" data-element_type=\"container\">\n\t\t\t\t\t<div class=\"e-con-inner\">\n\t\t<div class=\"elementor-element elementor-element-32839c3 e-con-full e-flex e-con e-child\" data-id=\"32839c3\" data-element_type=\"container\">\n\t\t\t\t<div class=\"elementor-element elementor-element-33b0744f elementor-widget elementor-widget-text-editor\" data-id=\"33b0744f\" data-element_type=\"widget\" data-widget_type=\"text-editor.default\">\n\t\t\t\t\t\t\t\t\t<p>IMPULSAT PER:<\/p>\t\t\t\t\t\t\t\t<\/div>\n\t\t\t\t<div class=\"elementor-element elementor-element-23619834 elementor-widget elementor-widget-image\" data-id=\"23619834\" data-element_type=\"widget\" data-widget_type=\"image.default\">\n\t\t\t\t\t\t\t\t\t\t\t\t\t\t\t<img decoding=\"async\" width=\"156\" height=\"40\" src=\"https:\/\/escuelasquesaben.org\/wp-content\/uploads\/2025\/11\/logo-CERAI-6-b\u03bd.png\" class=\"attachment-full size-full wp-image-221\" alt=\"\" \/>\t\t\t\t\t\t\t\t\t\t\t\t\t\t\t<\/div>\n\t\t\t\t<div class=\"elementor-element elementor-element-7de35072 elementor-widget elementor-widget-image\" data-id=\"7de35072\" data-element_type=\"widget\" data-widget_type=\"image.default\">\n\t\t\t\t\t\t\t\t\t\t\t\t\t\t\t<img decoding=\"async\" width=\"176\" height=\"37\" src=\"https:\/\/escuelasquesaben.org\/wp-content\/uploads\/2025\/11\/logo-mundubat-bn.png\" class=\"attachment-full size-full wp-image-222\" alt=\"\" \/>\t\t\t\t\t\t\t\t\t\t\t\t\t\t\t<\/div>\n\t\t\t\t<\/div>\n\t\t<div class=\"elementor-element elementor-element-4fabfdbc e-con-full footer-links e-flex e-con e-child\" data-id=\"4fabfdbc\" data-element_type=\"container\">\n\t\t\t\t<div class=\"elementor-element elementor-element-3707e81b elementor-widget__width-inherit elementor-widget elementor-widget-text-editor\" data-id=\"3707e81b\" data-element_type=\"widget\" data-widget_type=\"text-editor.default\">\n\t\t\t\t\t\t\t\t\tCERAI\n<div style=\"text-decoration: underline; display: block;\"><a href=\"https:\/\/www.instagram.com\/ceraiongd\/\">IG<\/a> \/\n<a href=\"https:\/\/www.linkedin.com\/company\/cerai\/?originalSubdomain=es\">LK<\/a> \/\n<a href=\"https:\/\/bsky.app\/profile\/ongd-cerai.bsky.social\">BSKY<\/a><\/div>\t\t\t\t\t\t\t\t<\/div>\n\t\t\t\t<div class=\"elementor-element elementor-element-1beb53ac elementor-widget elementor-widget-text-editor\" data-id=\"1beb53ac\" data-element_type=\"widget\" data-widget_type=\"text-editor.default\">\n\t\t\t\t\t\t\t\t\tMUNDUBAT\n<div style=\"text-decoration: underline; display: block;\"><a href=\"https:\/\/www.instagram.com\/mundubatongd\/\">IG<\/a> \/\n<a href=\"https:\/\/www.linkedin.com\/company\/mundubat\/\">LK<\/a> \/\n<a href=\"https:\/\/bsky.app\/profile\/mundubat.bsky.social\">BSKY<\/a><\/div>\t\t\t\t\t\t\t\t<\/div>\n\t\t\t\t<div class=\"elementor-element elementor-element-10c12276 elementor-widget elementor-widget-text-editor\" data-id=\"10c12276\" data-element_type=\"widget\" data-widget_type=\"text-editor.default\">\n\t\t\t\t\t\t\t\t\t<p>CONTACTE<\/p><div style=\"text-decoration: underline; display: block;\"><a href=\"mailto:hola@escuelasquesaben.org\">hola@escuelasquesaben.org<\/a><\/div>\t\t\t\t\t\t\t\t<\/div>\n\t\t\t\t<\/div>\n\t\t<div class=\"elementor-element elementor-element-6ff2ae11 e-con-full e-flex e-con e-child\" data-id=\"6ff2ae11\" data-element_type=\"container\">\n\t\t\t\t<div class=\"elementor-element elementor-element-58f448f1 elementor-widget elementor-widget-text-editor\" data-id=\"58f448f1\" data-element_type=\"widget\" data-widget_type=\"text-editor.default\">\n\t\t\t\t\t\t\t\t\t<p>AMB EL SUPORT DE:<\/p>\t\t\t\t\t\t\t\t<\/div>\n\t\t\t\t<div class=\"elementor-element elementor-element-5c861249 elementor-widget elementor-widget-image\" data-id=\"5c861249\" data-element_type=\"widget\" data-widget_type=\"image.default\">\n\t\t\t\t\t\t\t\t\t\t\t\t\t\t\t<img loading=\"lazy\" decoding=\"async\" width=\"527\" height=\"64\" src=\"https:\/\/escuelasquesaben.org\/wp-content\/uploads\/2025\/11\/aecid-bn-1.png\" class=\"attachment-full size-full wp-image-223\" alt=\"\" srcset=\"https:\/\/escuelasquesaben.org\/wp-content\/uploads\/2025\/11\/aecid-bn-1.png 527w, https:\/\/escuelasquesaben.org\/wp-content\/uploads\/2025\/11\/aecid-bn-1-300x36.png 300w\" sizes=\"(max-width: 527px) 100vw, 527px\" \/>\t\t\t\t\t\t\t\t\t\t\t\t\t\t\t<\/div>\n\t\t\t\t<\/div>\n\t\t\t\t\t<\/div>\n\t\t\t\t<\/div>\n\t\t\t\t<\/div>\n\t\t","protected":false},"excerpt":{"rendered":"<p>escoles QUE SABEN Uneix-te https:\/\/www.youtube.com\/watch?v=ALsEZbt_WCo Som escoles que saben que els aliments que oferim al menjador influeixen en els infants, [&hellip;]<\/p>\n","protected":false},"author":1,"featured_media":0,"parent":0,"menu_order":0,"comment_status":"closed","ping_status":"closed","template":"","meta":{"inline_featured_image":false,"footnotes":""},"class_list":["post-230","page","type-page","status-publish","hentry"],"_links":{"self":[{"href":"https:\/\/escuelasquesaben.org\/ca\/wp-json\/wp\/v2\/pages\/230","targetHints":{"allow":["GET"]}}],"collection":[{"href":"https:\/\/escuelasquesaben.org\/ca\/wp-json\/wp\/v2\/pages"}],"about":[{"href":"https:\/\/escuelasquesaben.org\/ca\/wp-json\/wp\/v2\/types\/page"}],"author":[{"embeddable":true,"href":"https:\/\/escuelasquesaben.org\/ca\/wp-json\/wp\/v2\/users\/1"}],"replies":[{"embeddable":true,"href":"https:\/\/escuelasquesaben.org\/ca\/wp-json\/wp\/v2\/comments?post=230"}],"version-history":[{"count":14,"href":"https:\/\/escuelasquesaben.org\/ca\/wp-json\/wp\/v2\/pages\/230\/revisions"}],"predecessor-version":[{"id":422,"href":"https:\/\/escuelasquesaben.org\/ca\/wp-json\/wp\/v2\/pages\/230\/revisions\/422"}],"wp:attachment":[{"href":"https:\/\/escuelasquesaben.org\/ca\/wp-json\/wp\/v2\/media?parent=230"}],"curies":[{"name":"wp","href":"https:\/\/api.w.org\/{rel}","templated":true}]}}